{"id":15,"date":"2024-12-05T19:06:28","date_gmt":"2024-12-05T19:06:28","guid":{"rendered":"https:\/\/barska.vn\/?page_id=15"},"modified":"2024-12-25T16:41:42","modified_gmt":"2024-12-25T16:41:42","slug":"trang-chu","status":"publish","type":"page","link":"https:\/\/barska.vn\/","title":{"rendered":"Trang Ch\u1ee7"},"content":{"rendered":"\t<section class=\"section slide-panel\" id=\"section_1529941023\">\n\t\t<div class=\"bg section-bg fill bg-fill  bg-loaded\" >\n\n\t\t\t\n\t\t\t\n\t\t\t\n\n\t\t<\/div>\n\n\t\t\n\n\t\t<div class=\"section-content relative\">\n\t\t\t\n\n<div class=\"row row-collapse row-full-width\"  id=\"row-672659296\">\n\n\n\t<div id=\"col-533034592\" class=\"col small-12 large-12\"  >\n\t\t\t\t<div class=\"col-inner\"  >\n\t\t\t\n\t\t\t\n\n<div class=\"slider-wrapper relative\" id=\"slider-436322173\" >\n    <div class=\"slider slider-nav-circle slider-nav-large slider-nav-light slider-style-normal\"\n        data-flickity-options='{\n            \"cellAlign\": \"center\",\n            \"imagesLoaded\": true,\n            \"lazyLoad\": 1,\n            \"freeScroll\": false,\n            \"wrapAround\": true,\n            \"autoPlay\": 6000,\n            \"pauseAutoPlayOnHover\" : true,\n            \"prevNextButtons\": true,\n            \"contain\" : true,\n            \"adaptiveHeight\" : true,\n            \"dragThreshold\" : 10,\n            \"percentPosition\": true,\n            \"pageDots\": true,\n            \"rightToLeft\": false,\n            \"draggable\": true,\n            \"selectedAttraction\": 0.1,\n            \"parallax\" : 0,\n            \"friction\": 0.6        }'\n        >\n        \n\n\t<div class=\"img has-hover x md-x lg-x y md-y lg-y\" id=\"image_2143183615\">\n\t\t\t\t\t\t\t\t<div class=\"img-inner dark\" >\n\t\t\t<img loading=\"lazy\" decoding=\"async\" width=\"1200\" height=\"400\" src=\"https:\/\/barska.vn\/wp-content\/uploads\/2024\/12\/sl-1.jpg\" class=\"attachment-original size-original\" alt=\"\" srcset=\"https:\/\/barska.vn\/wp-content\/uploads\/2024\/12\/sl-1.jpg 1200w, https:\/\/barska.vn\/wp-content\/uploads\/2024\/12\/sl-1-300x100.jpg 300w, https:\/\/barska.vn\/wp-content\/uploads\/2024\/12\/sl-1-1024x341.jpg 1024w, https:\/\/barska.vn\/wp-content\/uploads\/2024\/12\/sl-1-768x256.jpg 768w, https:\/\/barska.vn\/wp-content\/uploads\/2024\/12\/sl-1-600x200.jpg 600w\" sizes=\"auto, (max-width: 1200px) 100vw, 1200px\" \/>\t\t\t\t\t\t\n\t\t\t\t\t<\/div>\n\t\t\t\t\t\t\t\t\n<style>\n#image_2143183615 {\n  width: 100%;\n}\n<\/style>\n\t<\/div>\n\t\n\n\t<div class=\"img has-hover x md-x lg-x y md-y lg-y\" id=\"image_980749653\">\n\t\t\t\t\t\t\t\t<div class=\"img-inner dark\" >\n\t\t\t<img loading=\"lazy\" decoding=\"async\" width=\"1200\" height=\"400\" src=\"https:\/\/barska.vn\/wp-content\/uploads\/2024\/12\/sl-2.jpg\" class=\"attachment-original size-original\" alt=\"\" srcset=\"https:\/\/barska.vn\/wp-content\/uploads\/2024\/12\/sl-2.jpg 1200w, https:\/\/barska.vn\/wp-content\/uploads\/2024\/12\/sl-2-300x100.jpg 300w, https:\/\/barska.vn\/wp-content\/uploads\/2024\/12\/sl-2-1024x341.jpg 1024w, https:\/\/barska.vn\/wp-content\/uploads\/2024\/12\/sl-2-768x256.jpg 768w, https:\/\/barska.vn\/wp-content\/uploads\/2024\/12\/sl-2-600x200.jpg 600w\" sizes=\"auto, (max-width: 1200px) 100vw, 1200px\" \/>\t\t\t\t\t\t\n\t\t\t\t\t<\/div>\n\t\t\t\t\t\t\t\t\n<style>\n#image_980749653 {\n  width: 100%;\n}\n<\/style>\n\t<\/div>\n\t\n\n\n     <\/div>\n\n     <div class=\"loading-spin dark large centered\"><\/div>\n\n     \t<\/div>\n\n\n\n\t\t<\/div>\n\t\t\t\t\t<\/div>\n\n\t\n\n<\/div>\n\n\t\t<\/div>\n\n\t\t\n<style>\n#section_1529941023 {\n  padding-top: 30px;\n  padding-bottom: 30px;\n}\n#section_1529941023 .ux-shape-divider--top svg {\n  height: 150px;\n  --divider-top-width: 100%;\n}\n#section_1529941023 .ux-shape-divider--bottom svg {\n  height: 150px;\n  --divider-width: 100%;\n}\n<\/style>\n\t<\/section>\n\t\n\t<section class=\"section home-1\" id=\"section_2138658932\">\n\t\t<div class=\"bg section-bg fill bg-fill  bg-loaded\" >\n\n\t\t\t\n\t\t\t\n\t\t\t\n\n\t\t<\/div>\n\n\t\t\n\n\t\t<div class=\"section-content relative\">\n\t\t\t\n\n<div class=\"row row-small\" style=\"max-width:80%\" id=\"row-1391591206\">\n\n\n\t<div id=\"col-569888042\" class=\"col medium-4 small-12 large-4\"  >\n\t\t\t\t<div class=\"col-inner\"  >\n\t\t\t\n\t\t\t\n\n\t<div class=\"img has-hover x md-x lg-x y md-y lg-y\" id=\"image_102205785\">\n\t\t\t\t\t\t\t\t<div class=\"img-inner dark\" >\n\t\t\t<img loading=\"lazy\" decoding=\"async\" width=\"900\" height=\"900\" src=\"https:\/\/barska.vn\/wp-content\/uploads\/2024\/12\/Barska-7-15x35-Level-7.jpeg\" class=\"attachment-original size-original\" alt=\"\" srcset=\"https:\/\/barska.vn\/wp-content\/uploads\/2024\/12\/Barska-7-15x35-Level-7.jpeg 900w, https:\/\/barska.vn\/wp-content\/uploads\/2024\/12\/Barska-7-15x35-Level-7-300x300.jpeg 300w, https:\/\/barska.vn\/wp-content\/uploads\/2024\/12\/Barska-7-15x35-Level-7-150x150.jpeg 150w, https:\/\/barska.vn\/wp-content\/uploads\/2024\/12\/Barska-7-15x35-Level-7-768x768.jpeg 768w, https:\/\/barska.vn\/wp-content\/uploads\/2024\/12\/Barska-7-15x35-Level-7-600x600.jpeg 600w, https:\/\/barska.vn\/wp-content\/uploads\/2024\/12\/Barska-7-15x35-Level-7-100x100.jpeg 100w\" sizes=\"auto, (max-width: 900px) 100vw, 900px\" \/>\t\t\t\t\t\t\n\t\t\t\t\t<\/div>\n\t\t\t\t\t\t\t\t\n<style>\n#image_102205785 {\n  width: 100%;\n}\n<\/style>\n\t<\/div>\n\t\n\n<h3>\u1ed1ng nh\u00f2m<\/h3>\n\n<a class=\"button primary\"  >\n    <span>xem th\u00eam<\/span>\n  <\/a>\n\n\n\n\t\t<\/div>\n\t\t\t\t\t<\/div>\n\n\t\n\n\t<div id=\"col-1394654609\" class=\"col medium-4 small-12 large-4\"  >\n\t\t\t\t<div class=\"col-inner\"  >\n\t\t\t\n\t\t\t\n\n\t<div class=\"img has-hover x md-x lg-x y md-y lg-y\" id=\"image_905438989\">\n\t\t\t\t\t\t\t\t<div class=\"img-inner dark\" >\n\t\t\t<img loading=\"lazy\" decoding=\"async\" width=\"1000\" height=\"1000\" src=\"https:\/\/barska.vn\/wp-content\/uploads\/2024\/12\/Barska-AY13286-40x-640x-1.jpeg\" class=\"attachment-original size-original\" alt=\"\" srcset=\"https:\/\/barska.vn\/wp-content\/uploads\/2024\/12\/Barska-AY13286-40x-640x-1.jpeg 1000w, https:\/\/barska.vn\/wp-content\/uploads\/2024\/12\/Barska-AY13286-40x-640x-1-300x300.jpeg 300w, https:\/\/barska.vn\/wp-content\/uploads\/2024\/12\/Barska-AY13286-40x-640x-1-150x150.jpeg 150w, https:\/\/barska.vn\/wp-content\/uploads\/2024\/12\/Barska-AY13286-40x-640x-1-768x768.jpeg 768w, https:\/\/barska.vn\/wp-content\/uploads\/2024\/12\/Barska-AY13286-40x-640x-1-600x600.jpeg 600w, https:\/\/barska.vn\/wp-content\/uploads\/2024\/12\/Barska-AY13286-40x-640x-1-100x100.jpeg 100w\" sizes=\"auto, (max-width: 1000px) 100vw, 1000px\" \/>\t\t\t\t\t\t\n\t\t\t\t\t<\/div>\n\t\t\t\t\t\t\t\t\n<style>\n#image_905438989 {\n  width: 100%;\n}\n<\/style>\n\t<\/div>\n\t\n\n<h3>k\u00ednh hi\u1ec3n vi<\/h3>\n\n<a class=\"button primary\"  >\n    <span>xem th\u00eam<\/span>\n  <\/a>\n\n\n\n\t\t<\/div>\n\t\t\t\t\t<\/div>\n\n\t\n\n\t<div id=\"col-49269040\" class=\"col medium-4 small-12 large-4\"  >\n\t\t\t\t<div class=\"col-inner\"  >\n\t\t\t\n\t\t\t\n\n\t<div class=\"img has-hover x md-x lg-x y md-y lg-y\" id=\"image_511868406\">\n\t\t\t\t\t\t\t\t<div class=\"img-inner dark\" >\n\t\t\t<img loading=\"lazy\" decoding=\"async\" width=\"500\" height=\"500\" src=\"https:\/\/barska.vn\/wp-content\/uploads\/2024\/12\/AX12658-4.jpg\" class=\"attachment-original size-original\" alt=\"\" srcset=\"https:\/\/barska.vn\/wp-content\/uploads\/2024\/12\/AX12658-4.jpg 500w, https:\/\/barska.vn\/wp-content\/uploads\/2024\/12\/AX12658-4-300x300.jpg 300w, https:\/\/barska.vn\/wp-content\/uploads\/2024\/12\/AX12658-4-150x150.jpg 150w, https:\/\/barska.vn\/wp-content\/uploads\/2024\/12\/AX12658-4-100x100.jpg 100w\" sizes=\"auto, (max-width: 500px) 100vw, 500px\" \/>\t\t\t\t\t\t\n\t\t\t\t\t<\/div>\n\t\t\t\t\t\t\t\t\n<style>\n#image_511868406 {\n  width: 100%;\n}\n<\/style>\n\t<\/div>\n\t\n\n<h3>t\u1ee7 treo ch\u00eca kh\u00f3a<\/h3>\n<a class=\"button primary\"  >\n    <span>xem th\u00eam<\/span>\n  <\/a>\n\n\n\n\t\t<\/div>\n\t\t\t\t\t<\/div>\n\n\t\n\n<\/div>\n\n\t\t<\/div>\n\n\t\t\n<style>\n#section_2138658932 {\n  padding-top: 30px;\n  padding-bottom: 30px;\n}\n#section_2138658932 .ux-shape-divider--top svg {\n  height: 150px;\n  --divider-top-width: 100%;\n}\n#section_2138658932 .ux-shape-divider--bottom svg {\n  height: 150px;\n  --divider-width: 100%;\n}\n<\/style>\n\t<\/section>\n\t\n\t<section class=\"section home-2\" id=\"section_607276475\">\n\t\t<div class=\"bg section-bg fill bg-fill  bg-loaded\" >\n\n\t\t\t\n\t\t\t\n\t\t\t\n\n\t\t<\/div>\n\n\t\t\n\n\t\t<div class=\"section-content relative\">\n\t\t\t\n\n<div class=\"row row-collapse\"  id=\"row-628221868\">\n\n\n\t<div id=\"col-1694443102\" class=\"col small-12 large-12\"  >\n\t\t\t\t<div class=\"col-inner\"  >\n\t\t\t\n\t\t\t\n\n<h2>tin t\u1ee9c chung<\/h2>\n\n  \n    <div class=\"row large-columns-4 medium-columns-1 small-columns-1 slider row-slider slider-nav-reveal slider-nav-push\"  data-flickity-options='{\"imagesLoaded\": true, \"groupCells\": \"100%\", \"dragThreshold\" : 5, \"cellAlign\": \"left\",\"wrapAround\": true,\"prevNextButtons\": true,\"percentPosition\": true,\"pageDots\": false, \"rightToLeft\": false, \"autoPlay\" : false}'>\n\n  <div class=\"col post-item\" >\n\t\t\t<div class=\"col-inner\">\n\t\t\t<a href=\"https:\/\/barska.vn\/index.php\/2024\/12\/05\/meo-xem-hien-tuong-nhat-thuc-an-toan\/\" class=\"plain\">\n\t\t\t\t<div class=\"box box-normal box-text-bottom box-blog-post has-hover\">\n            \t\t\t\t\t<div class=\"box-image\" >\n  \t\t\t\t\t\t<div class=\"image-cover\" style=\"padding-top:56.25%;\">\n  \t\t\t\t\t\t\t<img loading=\"lazy\" decoding=\"async\" width=\"600\" height=\"338\" src=\"https:\/\/barska.vn\/wp-content\/uploads\/2024\/12\/meo-xem-hien-tuong-nhat-thuc-an-toan.jpg\" class=\"attachment-original size-original wp-post-image\" alt=\"\" srcset=\"https:\/\/barska.vn\/wp-content\/uploads\/2024\/12\/meo-xem-hien-tuong-nhat-thuc-an-toan.jpg 600w, https:\/\/barska.vn\/wp-content\/uploads\/2024\/12\/meo-xem-hien-tuong-nhat-thuc-an-toan-300x169.jpg 300w\" sizes=\"auto, (max-width: 600px) 100vw, 600px\" \/>  \t\t\t\t\t\t\t  \t\t\t\t\t\t\t  \t\t\t\t\t\t<\/div>\n  \t\t\t\t\t\t  \t\t\t\t\t<\/div>\n          \t\t\t\t\t<div class=\"box-text text-left\" >\n\t\t\t\t\t<div class=\"box-text-inner blog-post-inner\">\n\n\t\t\t\t\t\n\t\t\t\t\t\t\t\t\t\t<h5 class=\"post-title is-large \">M\u1eb9o xem hi\u1ec7n t\u01b0\u1ee3ng nh\u1eadt th\u1ef1c an to\u00e0n<\/h5>\n\t\t\t\t\t<div class=\"post-meta is-small op-8\">Th\u00e1ng 12 5, 2024<\/div>\t\t\t\t\t<div class=\"is-divider\"><\/div>\n\t\t\t\t\t\t\t\t\t\t<p class=\"from_the_blog_excerpt \">Nh\u1eadt th\u1ef1c m\u1ed9t ph\u1ea7n&nbsp;v\u00e0o h\u00f4m 21.6 \u0111\u01b0\u1ee3c nh\u1eadn \u0111\u1ecbnh l\u00e0 hi\u1ec7n t\u01b0\u1ee3ng thi\u00ean v\u0103n \u0111\u00e1ng ch\u1edd \u0111\u1ee3i nh\u1ea5t n\u0103m 2020. Tuy nhi\u00ean, kh\u00f4ng ph\u1ea3i ai c\u0169ng c\u00f3 thi\u1ebft b\u1ecb chuy\u00ean [...]\t\t\t\t\t<\/p>\n\t\t\t\t\t                    \n\t\t\t\t\t\n\t\t\t\t\t\n\t\t\t\t\t<\/div>\n\t\t\t\t\t<\/div>\n\t\t\t\t\t\t\t\t\t<\/div>\n\t\t\t\t<\/a>\n\t\t\t<\/div>\n\t\t<\/div><div class=\"col post-item\" >\n\t\t\t<div class=\"col-inner\">\n\t\t\t<a href=\"https:\/\/barska.vn\/index.php\/2024\/12\/05\/kinh-thien-van-khuc-xa\/\" class=\"plain\">\n\t\t\t\t<div class=\"box box-normal box-text-bottom box-blog-post has-hover\">\n            \t\t\t\t\t<div class=\"box-image\" >\n  \t\t\t\t\t\t<div class=\"image-cover\" style=\"padding-top:56.25%;\">\n  \t\t\t\t\t\t\t<img loading=\"lazy\" decoding=\"async\" width=\"600\" height=\"600\" src=\"https:\/\/barska.vn\/wp-content\/uploads\/2024\/12\/kinh-thien-van-khuc-xa.jpg\" class=\"attachment-original size-original wp-post-image\" alt=\"\" srcset=\"https:\/\/barska.vn\/wp-content\/uploads\/2024\/12\/kinh-thien-van-khuc-xa.jpg 600w, https:\/\/barska.vn\/wp-content\/uploads\/2024\/12\/kinh-thien-van-khuc-xa-300x300.jpg 300w, https:\/\/barska.vn\/wp-content\/uploads\/2024\/12\/kinh-thien-van-khuc-xa-100x100.jpg 100w, https:\/\/barska.vn\/wp-content\/uploads\/2024\/12\/kinh-thien-van-khuc-xa-150x150.jpg 150w\" sizes=\"auto, (max-width: 600px) 100vw, 600px\" \/>  \t\t\t\t\t\t\t  \t\t\t\t\t\t\t  \t\t\t\t\t\t<\/div>\n  \t\t\t\t\t\t  \t\t\t\t\t<\/div>\n          \t\t\t\t\t<div class=\"box-text text-left\" >\n\t\t\t\t\t<div class=\"box-text-inner blog-post-inner\">\n\n\t\t\t\t\t\n\t\t\t\t\t\t\t\t\t\t<h5 class=\"post-title is-large \">K\u00ednh Thi\u00ean V\u0103n Kh\u00fac X\u1ea1<\/h5>\n\t\t\t\t\t<div class=\"post-meta is-small op-8\">Th\u00e1ng 12 5, 2024<\/div>\t\t\t\t\t<div class=\"is-divider\"><\/div>\n\t\t\t\t\t\t\t\t\t\t<p class=\"from_the_blog_excerpt \">K\u00ednh thi\u00ean v\u0103n kh\u00fac x\u1ea1 d\u00f9ng m\u1ed9t h\u1ec7 th\u1ea5u k\u00ednh \u0111\u1ec3 t\u1ea1o \u1ea3nh, b\u1ea3o d\u01b0\u1ee1ng d\u1ec5 d\u00e0ng v\u00e0&nbsp;nhi\u1ec1u k\u00ednh kh\u00fac x\u1ea1 \u0111\u1ee7 nh\u1eb9 \u0111\u1ec3 g\u1eafn tr\u00ean m\u1ed9t ch\u00e2n m\u00e1y \u1ea3nh [...]\t\t\t\t\t<\/p>\n\t\t\t\t\t                    \n\t\t\t\t\t\n\t\t\t\t\t\n\t\t\t\t\t<\/div>\n\t\t\t\t\t<\/div>\n\t\t\t\t\t\t\t\t\t<\/div>\n\t\t\t\t<\/a>\n\t\t\t<\/div>\n\t\t<\/div><div class=\"col post-item\" >\n\t\t\t<div class=\"col-inner\">\n\t\t\t<a href=\"https:\/\/barska.vn\/index.php\/2024\/12\/05\/kinh-vien-vong-co-nhat-the-gioi\/\" class=\"plain\">\n\t\t\t\t<div class=\"box box-normal box-text-bottom box-blog-post has-hover\">\n            \t\t\t\t\t<div class=\"box-image\" >\n  \t\t\t\t\t\t<div class=\"image-cover\" style=\"padding-top:56.25%;\">\n  \t\t\t\t\t\t\t<img loading=\"lazy\" decoding=\"async\" width=\"600\" height=\"600\" src=\"https:\/\/barska.vn\/wp-content\/uploads\/2024\/12\/kinh-vien-vong-co-nhat-the-gioi.jpg\" class=\"attachment-original size-original wp-post-image\" alt=\"\" srcset=\"https:\/\/barska.vn\/wp-content\/uploads\/2024\/12\/kinh-vien-vong-co-nhat-the-gioi.jpg 600w, https:\/\/barska.vn\/wp-content\/uploads\/2024\/12\/kinh-vien-vong-co-nhat-the-gioi-300x300.jpg 300w, https:\/\/barska.vn\/wp-content\/uploads\/2024\/12\/kinh-vien-vong-co-nhat-the-gioi-100x100.jpg 100w, https:\/\/barska.vn\/wp-content\/uploads\/2024\/12\/kinh-vien-vong-co-nhat-the-gioi-150x150.jpg 150w\" sizes=\"auto, (max-width: 600px) 100vw, 600px\" \/>  \t\t\t\t\t\t\t  \t\t\t\t\t\t\t  \t\t\t\t\t\t<\/div>\n  \t\t\t\t\t\t  \t\t\t\t\t<\/div>\n          \t\t\t\t\t<div class=\"box-text text-left\" >\n\t\t\t\t\t<div class=\"box-text-inner blog-post-inner\">\n\n\t\t\t\t\t\n\t\t\t\t\t\t\t\t\t\t<h5 class=\"post-title is-large \">K\u00ednh vi\u1ec5n v\u1ecdng c\u1ed5 nh\u1ea5t th\u1ebf gi\u1edbi<\/h5>\n\t\t\t\t\t<div class=\"post-meta is-small op-8\">Th\u00e1ng 12 5, 2024<\/div>\t\t\t\t\t<div class=\"is-divider\"><\/div>\n\t\t\t\t\t\t\t\t\t\t<p class=\"from_the_blog_excerpt \">C\u00e1c nh\u00e0 kh\u1ea3o c\u1ed5 \u1edf H\u00e0 Lan m\u1edbi \u0111\u00e2y ph\u00e1t hi\u1ec7n \u1ed1ng k\u00ednh vi\u1ec5n v\u1ecdng c\u00f3 t\u1eeb \u0111\u1ea7u th\u1ebf k\u1ef7 17 v\u00e0 \u0111\u01b0\u1ee3c cho l\u00e0 c\u1ed5 nh\u1ea5t th\u1ebf gi\u1edbi, khi [...]\t\t\t\t\t<\/p>\n\t\t\t\t\t                    \n\t\t\t\t\t\n\t\t\t\t\t\n\t\t\t\t\t<\/div>\n\t\t\t\t\t<\/div>\n\t\t\t\t\t\t\t\t\t<\/div>\n\t\t\t\t<\/a>\n\t\t\t<\/div>\n\t\t<\/div><div class=\"col post-item\" >\n\t\t\t<div class=\"col-inner\">\n\t\t\t<a href=\"https:\/\/barska.vn\/index.php\/2024\/12\/05\/ket-thuc-nhiem-vu-cua-kinh-vien-vong-khong-gian-spitzer-nasa\/\" class=\"plain\">\n\t\t\t\t<div class=\"box box-normal box-text-bottom box-blog-post has-hover\">\n            \t\t\t\t\t<div class=\"box-image\" >\n  \t\t\t\t\t\t<div class=\"image-cover\" style=\"padding-top:56.25%;\">\n  \t\t\t\t\t\t\t<img loading=\"lazy\" decoding=\"async\" width=\"600\" height=\"400\" src=\"https:\/\/barska.vn\/wp-content\/uploads\/2024\/12\/ket-thuc-nhiem-vu-cua-kinh-vien-vong-khong-gian-spitzer-nasa.jpg\" class=\"attachment-original size-original wp-post-image\" alt=\"\" srcset=\"https:\/\/barska.vn\/wp-content\/uploads\/2024\/12\/ket-thuc-nhiem-vu-cua-kinh-vien-vong-khong-gian-spitzer-nasa.jpg 600w, https:\/\/barska.vn\/wp-content\/uploads\/2024\/12\/ket-thuc-nhiem-vu-cua-kinh-vien-vong-khong-gian-spitzer-nasa-300x200.jpg 300w\" sizes=\"auto, (max-width: 600px) 100vw, 600px\" \/>  \t\t\t\t\t\t\t  \t\t\t\t\t\t\t  \t\t\t\t\t\t<\/div>\n  \t\t\t\t\t\t  \t\t\t\t\t<\/div>\n          \t\t\t\t\t<div class=\"box-text text-left\" >\n\t\t\t\t\t<div class=\"box-text-inner blog-post-inner\">\n\n\t\t\t\t\t\n\t\t\t\t\t\t\t\t\t\t<h5 class=\"post-title is-large \">K\u1ebft Th\u00fac Nhi\u1ec7m V\u1ee5 C\u1ee7a K\u00ednh Vi\u1ec5n V\u1ecdng Kh\u00f4ng Gian SPITZER &#8211; NASA<\/h5>\n\t\t\t\t\t<div class=\"post-meta is-small op-8\">Th\u00e1ng 12 5, 2024<\/div>\t\t\t\t\t<div class=\"is-divider\"><\/div>\n\t\t\t\t\t\t\t\t\t\t<p class=\"from_the_blog_excerpt \">Gi\u1edbi ch\u1ee9c NASA cho bi\u1ebft, K\u00ednh vi\u1ec5n v\u1ecdng kh\u00f4ng gian Spitzer \u0111\u00e3 gi\u00fap cho c\u00e1c nh\u00e0 khoa h\u1ecdc bi\u1ebft th\u00eam nh\u1eefng kh\u00eda c\u1ea1nh m\u1edbi c\u1ee7a v\u0169 tr\u1ee5. Ng\u00e0y 30\/1,&nbsp;K\u00ednh vi\u1ec5n [...]\t\t\t\t\t<\/p>\n\t\t\t\t\t                    \n\t\t\t\t\t\n\t\t\t\t\t\n\t\t\t\t\t<\/div>\n\t\t\t\t\t<\/div>\n\t\t\t\t\t\t\t\t\t<\/div>\n\t\t\t\t<\/a>\n\t\t\t<\/div>\n\t\t<\/div><div class=\"col post-item\" >\n\t\t\t<div class=\"col-inner\">\n\t\t\t<a href=\"https:\/\/barska.vn\/index.php\/2024\/12\/05\/bao-quan-ong-ngam\/\" class=\"plain\">\n\t\t\t\t<div class=\"box box-normal box-text-bottom box-blog-post has-hover\">\n            \t\t\t\t\t<div class=\"box-image\" >\n  \t\t\t\t\t\t<div class=\"image-cover\" style=\"padding-top:56.25%;\">\n  \t\t\t\t\t\t\t<img loading=\"lazy\" decoding=\"async\" width=\"600\" height=\"600\" src=\"https:\/\/barska.vn\/wp-content\/uploads\/2024\/12\/bao-quan-ong-ngam.jpg\" class=\"attachment-original size-original wp-post-image\" alt=\"\" srcset=\"https:\/\/barska.vn\/wp-content\/uploads\/2024\/12\/bao-quan-ong-ngam.jpg 600w, https:\/\/barska.vn\/wp-content\/uploads\/2024\/12\/bao-quan-ong-ngam-300x300.jpg 300w, https:\/\/barska.vn\/wp-content\/uploads\/2024\/12\/bao-quan-ong-ngam-100x100.jpg 100w, https:\/\/barska.vn\/wp-content\/uploads\/2024\/12\/bao-quan-ong-ngam-150x150.jpg 150w\" sizes=\"auto, (max-width: 600px) 100vw, 600px\" \/>  \t\t\t\t\t\t\t  \t\t\t\t\t\t\t  \t\t\t\t\t\t<\/div>\n  \t\t\t\t\t\t  \t\t\t\t\t<\/div>\n          \t\t\t\t\t<div class=\"box-text text-left\" >\n\t\t\t\t\t<div class=\"box-text-inner blog-post-inner\">\n\n\t\t\t\t\t\n\t\t\t\t\t\t\t\t\t\t<h5 class=\"post-title is-large \">B\u1ea3o Qu\u1ea3n \u1ed0ng Ng\u1eafm<\/h5>\n\t\t\t\t\t<div class=\"post-meta is-small op-8\">Th\u00e1ng 12 5, 2024<\/div>\t\t\t\t\t<div class=\"is-divider\"><\/div>\n\t\t\t\t\t\t\t\t\t\t<p class=\"from_the_blog_excerpt \">B\u1ea1n c\u00f3 m\u1ed9t chi\u1ebfc \u1ed1ng nh\u00f2m ng\u1eafm, nh\u01b0ng b\u1ea1n l\u1ea1i kh\u00f4ng bi\u1ebft c\u00e1ch b\u1ea3o qu\u1ea3n n\u00f3. B\u00e0i vi\u1ebft d\u01b0\u1edbi \u0111\u00e2y h\u01b0\u1edbng d\u1eabn b\u1ea1n c\u00e1ch b\u1ea3o qu\u1ea3n \u1ed1ng ng\u1eafm lu\u00f4n b\u1ec1n [...]\t\t\t\t\t<\/p>\n\t\t\t\t\t                    \n\t\t\t\t\t\n\t\t\t\t\t\n\t\t\t\t\t<\/div>\n\t\t\t\t\t<\/div>\n\t\t\t\t\t\t\t\t\t<\/div>\n\t\t\t\t<\/a>\n\t\t\t<\/div>\n\t\t<\/div><div class=\"col post-item\" >\n\t\t\t<div class=\"col-inner\">\n\t\t\t<a href=\"https:\/\/barska.vn\/index.php\/2024\/12\/05\/6-buoc-de-chon-mua-ong-nhom-tot-nhat\/\" class=\"plain\">\n\t\t\t\t<div class=\"box box-normal box-text-bottom box-blog-post has-hover\">\n            \t\t\t\t\t<div class=\"box-image\" >\n  \t\t\t\t\t\t<div class=\"image-cover\" style=\"padding-top:56.25%;\">\n  \t\t\t\t\t\t\t<img loading=\"lazy\" decoding=\"async\" width=\"600\" height=\"337\" src=\"https:\/\/barska.vn\/wp-content\/uploads\/2024\/12\/6-buoc-de-chon-mua-ong-nhom-tot-nhat.jpg\" class=\"attachment-original size-original wp-post-image\" alt=\"\" srcset=\"https:\/\/barska.vn\/wp-content\/uploads\/2024\/12\/6-buoc-de-chon-mua-ong-nhom-tot-nhat.jpg 600w, https:\/\/barska.vn\/wp-content\/uploads\/2024\/12\/6-buoc-de-chon-mua-ong-nhom-tot-nhat-300x169.jpg 300w\" sizes=\"auto, (max-width: 600px) 100vw, 600px\" \/>  \t\t\t\t\t\t\t  \t\t\t\t\t\t\t  \t\t\t\t\t\t<\/div>\n  \t\t\t\t\t\t  \t\t\t\t\t<\/div>\n          \t\t\t\t\t<div class=\"box-text text-left\" >\n\t\t\t\t\t<div class=\"box-text-inner blog-post-inner\">\n\n\t\t\t\t\t\n\t\t\t\t\t\t\t\t\t\t<h5 class=\"post-title is-large \">6 b\u01b0\u1edbc \u0111\u1ec3 ch\u1ecdn mua \u1ed1ng nh\u00f2m t\u1ed1t nh\u1ea5t<\/h5>\n\t\t\t\t\t<div class=\"post-meta is-small op-8\">Th\u00e1ng 12 5, 2024<\/div>\t\t\t\t\t<div class=\"is-divider\"><\/div>\n\t\t\t\t\t\t\t\t\t\t<p class=\"from_the_blog_excerpt \">Ng\u01b0\u1eddi d\u00f9ng s\u1ebd d\u1ec5 d\u00e0ng ch\u1ecdn mua nhi\u1ec1u thi\u1ebft b\u1ecb \u1ed1ng nh\u00f2m tr\u00ean th\u1ecb tr\u01b0\u1eddng ph\u1ee5c v\u1ee5 nhu c\u1ea7u s\u1eed d\u1ee5ng kh\u00e1c nhau. Nh\u01b0ng \u0111\u1ec3 \u0111\u00e1nh gi\u00e1 mua \u1ed1ng nh\u00f2m [...]\t\t\t\t\t<\/p>\n\t\t\t\t\t                    \n\t\t\t\t\t\n\t\t\t\t\t\n\t\t\t\t\t<\/div>\n\t\t\t\t\t<\/div>\n\t\t\t\t\t\t\t\t\t<\/div>\n\t\t\t\t<\/a>\n\t\t\t<\/div>\n\t\t<\/div><\/div>\n\n\n\t\t<\/div>\n\t\t\t\t\t<\/div>\n\n\t\n\n<\/div>\n\n\t\t<\/div>\n\n\t\t\n<style>\n#section_607276475 {\n  padding-top: 30px;\n  padding-bottom: 30px;\n}\n#section_607276475 .ux-shape-divider--top svg {\n  height: 150px;\n  --divider-top-width: 100%;\n}\n#section_607276475 .ux-shape-divider--bottom svg {\n  height: 150px;\n  --divider-width: 100%;\n}\n<\/style>\n\t<\/section>\n\t\n\t<section class=\"section home-3\" id=\"section_1740612794\">\n\t\t<div class=\"bg section-bg fill bg-fill  bg-loaded\" >\n\n\t\t\t\n\t\t\t\n\t\t\t\n\n\t\t<\/div>\n\n\t\t\n\n\t\t<div class=\"section-content relative\">\n\t\t\t\n\n<div class=\"row row-small\" style=\"max-width:80%\" id=\"row-1541186751\">\n\n\n\t<div id=\"col-228621318\" class=\"col medium-6 small-12 large-6\"  >\n\t\t\t\t<div class=\"col-inner\"  >\n\t\t\t\n\t\t\t\n\n<div class=\"video video-fit mb\" style=\"padding-top:56.25%;\"><p><iframe loading=\"lazy\" title=\"Nh\u00e0 ph\u00e2n ph\u1ed1i, b\u00e1n \u1ed1ng nh\u00f2m ng\u00e0y Fomei CH S\u00e9c\" width=\"1020\" height=\"574\" src=\"https:\/\/www.youtube.com\/embed\/N4jdt_AuxDU?feature=oembed\" frameborder=\"0\" allow=\"accelerometer; autoplay; clipboard-write; encrypted-media; gyroscope; picture-in-picture; web-share\" referrerpolicy=\"strict-origin-when-cross-origin\" allowfullscreen><\/iframe><\/p>\n<\/div>\n\n\n\t\t<\/div>\n\t\t\t\t\t<\/div>\n\n\t\n\n\t<div id=\"col-1069721839\" class=\"col medium-6 small-12 large-6\"  >\n\t\t\t\t<div class=\"col-inner\"  >\n\t\t\t\n\t\t\t\n\n<div class=\"video video-fit mb\" style=\"padding-top:56.25%;\"><p><iframe loading=\"lazy\" title=\"B\u00e1n \u1ed1ng nh\u00f2m cao c\u1ea5p Fomei CH S\u00e9c\" width=\"1020\" height=\"574\" src=\"https:\/\/www.youtube.com\/embed\/gIO2YyQPoCk?feature=oembed\" frameborder=\"0\" allow=\"accelerometer; autoplay; clipboard-write; encrypted-media; gyroscope; picture-in-picture; web-share\" referrerpolicy=\"strict-origin-when-cross-origin\" allowfullscreen><\/iframe><\/p>\n<\/div>\n\n\n\t\t<\/div>\n\t\t\t\t\t<\/div>\n\n\t\n\n<\/div>\n\n\t\t<\/div>\n\n\t\t\n<style>\n#section_1740612794 {\n  padding-top: 30px;\n  padding-bottom: 30px;\n}\n#section_1740612794 .ux-shape-divider--top svg {\n  height: 150px;\n  --divider-top-width: 100%;\n}\n#section_1740612794 .ux-shape-divider--bottom svg {\n  height: 150px;\n  --divider-width: 100%;\n}\n<\/style>\n\t<\/section>\n\t","protected":false},"excerpt":{"rendered":"","protected":false},"author":1,"featured_media":0,"parent":0,"menu_order":0,"comment_status":"closed","ping_status":"closed","template":"page-blank.php","meta":{"footnotes":""},"class_list":["post-15","page","type-page","status-publish","hentry"],"_links":{"self":[{"href":"https:\/\/barska.vn\/index.php\/wp-json\/wp\/v2\/pages\/15","targetHints":{"allow":["GET"]}}],"collection":[{"href":"https:\/\/barska.vn\/index.php\/wp-json\/wp\/v2\/pages"}],"about":[{"href":"https:\/\/barska.vn\/index.php\/wp-json\/wp\/v2\/types\/page"}],"author":[{"embeddable":true,"href":"https:\/\/barska.vn\/index.php\/wp-json\/wp\/v2\/users\/1"}],"replies":[{"embeddable":true,"href":"https:\/\/barska.vn\/index.php\/wp-json\/wp\/v2\/comments?post=15"}],"version-history":[{"count":31,"href":"https:\/\/barska.vn\/index.php\/wp-json\/wp\/v2\/pages\/15\/revisions"}],"predecessor-version":[{"id":140,"href":"https:\/\/barska.vn\/index.php\/wp-json\/wp\/v2\/pages\/15\/revisions\/140"}],"wp:attachment":[{"href":"https:\/\/barska.vn\/index.php\/wp-json\/wp\/v2\/media?parent=15"}],"curies":[{"name":"wp","href":"https:\/\/api.w.org\/{rel}","templated":true}]}}